{"id":321,"date":"2026-03-26T20:04:27","date_gmt":"2026-03-26T20:04:27","guid":{"rendered":"https:\/\/unamei.uy\/?post_type=product&#038;p=321"},"modified":"2026-04-16T22:34:13","modified_gmt":"2026-04-16T22:34:13","slug":"cuaderno-tapa-flexible-22x29-ledesma-nat","status":"publish","type":"product","link":"https:\/\/unamei.uy\/index.php\/producto\/cuaderno-tapa-flexible-22x29-ledesma-nat\/","title":{"rendered":"Cuaderno tapa flexible 22\u00d729 | Ledesma Nat"},"content":{"rendered":"<div class=\"et_pb_module et_pb_wc_description et_pb_wc_description_0_tb_body et_pb_bg_layout_light et_pb_text_align_left\">\n<div class=\"et_pb_module_inner\">\n<div id=\"Upper\">\n<div id=\"Data\">\n<div id=\"Description\">\n<div class=\"et_pb_module et_pb_wc_description et_pb_wc_description_0_tb_body et_pb_bg_layout_light et_pb_text_align_left\">\n<div class=\"et_pb_module_inner\">\n<p>Cuaderno con espiral (3 dise\u00f1os) Ledesma Nat. Su tapa y contratapa flexible es de Cartulina de ca\u00f1a de az\u00facar, sin blanqueadores qu\u00edmicos.<\/p>\n<\/div>\n<\/div>\n<div class=\"et_pb_with_border et_pb_module et_pb_text et_pb_text_0_tb_body et_pb_text_align_left et_pb_bg_layout_light\">\n<div class=\"et_pb_text_inner\">Tama\u00f1o: 22&#215;29 cm<\/div>\n<\/div>\n<div class=\"et_pb_with_border et_pb_module et_pb_text et_pb_text_1_tb_body et_pb_text_align_left et_pb_bg_layout_light\">\n<div class=\"et_pb_text_inner\">Cantidad de hojas: 70<\/div>\n<\/div>\n<div class=\"et_pb_with_border et_pb_module et_pb_text et_pb_text_2_tb_body et_pb_text_align_left et_pb_bg_layout_light\">\n<div class=\"et_pb_text_inner\">Tipo de hoja: Rayadas<\/div>\n<\/div>\n<div class=\"et_pb_with_border et_pb_module et_pb_text et_pb_text_3_tb_body et_pb_text_align_left et_pb_bg_layout_light\">\n<div class=\"et_pb_text_inner\">Gramaje: 75 g\/m\u00b2<\/div>\n<\/div>\n<\/div>\n<\/div>\n<\/div>\n<\/div>\n<\/div>\n","protected":false},"excerpt":{"rendered":"<p>Cuaderno con espiral (3 dise\u00f1os) Ledesma Nat. Su tapa y contratapa flexible es de Cartulina de ca\u00f1a de az\u00facar, sin blanqueadores qu\u00edmicos. Tama\u00f1o: 22&#215;29 cm Cantidad de hojas: 70 Tipo de hoja: Rayadas Gramaje: 75 &hellip; <\/p>\n","protected":false},"featured_media":324,"comment_status":"open","ping_status":"closed","template":"","meta":[],"product_brand":[96],"product_cat":[95],"product_tag":[],"class_list":{"0":"post-321","1":"product","2":"type-product","3":"status-publish","4":"has-post-thumbnail","6":"product_brand-ledesma-nat","7":"product_cat-papeleria","8":"has-single-img","10":"first","11":"instock","12":"sale","13":"purchasable","14":"product-type-simple"},"_links":{"self":[{"href":"https:\/\/unamei.uy\/index.php\/wp-json\/wp\/v2\/product\/321","targetHints":{"allow":["GET"]}}],"collection":[{"href":"https:\/\/unamei.uy\/index.php\/wp-json\/wp\/v2\/product"}],"about":[{"href":"https:\/\/unamei.uy\/index.php\/wp-json\/wp\/v2\/types\/product"}],"replies":[{"embeddable":true,"href":"https:\/\/unamei.uy\/index.php\/wp-json\/wp\/v2\/comments?post=321"}],"wp:featuredmedia":[{"embeddable":true,"href":"https:\/\/unamei.uy\/index.php\/wp-json\/wp\/v2\/media\/324"}],"wp:attachment":[{"href":"https:\/\/unamei.uy\/index.php\/wp-json\/wp\/v2\/media?parent=321"}],"wp:term":[{"taxonomy":"product_brand","embeddable":true,"href":"https:\/\/unamei.uy\/index.php\/wp-json\/wp\/v2\/product_brand?post=321"},{"taxonomy":"product_cat","embeddable":true,"href":"https:\/\/unamei.uy\/index.php\/wp-json\/wp\/v2\/product_cat?post=321"},{"taxonomy":"product_tag","embeddable":true,"href":"https:\/\/unamei.uy\/index.php\/wp-json\/wp\/v2\/product_tag?post=321"}],"curies":[{"name":"wp","href":"https:\/\/api.w.org\/{rel}","templated":true}]}}