{"id":317,"date":"2026-03-26T18:44:15","date_gmt":"2026-03-26T18:44:15","guid":{"rendered":"https:\/\/unamei.uy\/?post_type=product&#038;p=317"},"modified":"2026-04-16T22:28:40","modified_gmt":"2026-04-16T22:28:40","slug":"cuaderno-tapa-flexible-21x27-ledesma-nat","status":"publish","type":"product","link":"https:\/\/unamei.uy\/index.php\/producto\/cuaderno-tapa-flexible-21x27-ledesma-nat\/","title":{"rendered":"Cuaderno tapa flexible 21\u00d727 | Ledesma Nat"},"content":{"rendered":"<div class=\"et_pb_module et_pb_wc_description et_pb_wc_description_0_tb_body et_pb_bg_layout_light et_pb_text_align_left\">\n<div class=\"et_pb_module_inner\">\n<div id=\"Upper\">\n<div id=\"Data\">\n<div id=\"Description\">Cuadernola con espiral Ledesma Nat de tapa y contratapa semirr\u00edgida.<\/div>\n<div>Tama\u00f1o de 21\u00d727 cm.<br \/>\nContiene 80 Hojas Rayadas de 75 gramos<br \/>\ncolor natural.<\/div>\n<div>Ledesma Nat es una propuesta \u00edntegramente Eco-sustentable porque sus hojas son 100% fibra de ca\u00f1a de az\u00facar, 0% fibra de \u00e1rbol y 0% blanqueadores qu\u00edmicos. Adem\u00e1s cuenta con certificaci\u00f3n Producto Yungas y Verificaci\u00f3n de Huella de Carbono.<\/div>\n<\/div>\n<\/div>\n<\/div>\n<\/div>\n","protected":false},"excerpt":{"rendered":"<p>Cuadernola con espiral Ledesma Nat de tapa y contratapa semirr\u00edgida. Tama\u00f1o de 21\u00d727 cm. Contiene 80 Hojas Rayadas de 75 gramos color natural. Ledesma Nat es una propuesta \u00edntegramente Eco-sustentable porque sus hojas son 100% &hellip; <\/p>\n","protected":false},"featured_media":318,"comment_status":"open","ping_status":"closed","template":"","meta":[],"product_brand":[96],"product_cat":[15,95],"product_tag":[],"class_list":{"0":"post-317","1":"product","2":"type-product","3":"status-publish","4":"has-post-thumbnail","6":"product_brand-ledesma-nat","7":"product_cat-eco-tienda","8":"product_cat-papeleria","9":"has-single-img","11":"first","12":"instock","13":"purchasable","14":"product-type-simple"},"_links":{"self":[{"href":"https:\/\/unamei.uy\/index.php\/wp-json\/wp\/v2\/product\/317","targetHints":{"allow":["GET"]}}],"collection":[{"href":"https:\/\/unamei.uy\/index.php\/wp-json\/wp\/v2\/product"}],"about":[{"href":"https:\/\/unamei.uy\/index.php\/wp-json\/wp\/v2\/types\/product"}],"replies":[{"embeddable":true,"href":"https:\/\/unamei.uy\/index.php\/wp-json\/wp\/v2\/comments?post=317"}],"wp:featuredmedia":[{"embeddable":true,"href":"https:\/\/unamei.uy\/index.php\/wp-json\/wp\/v2\/media\/318"}],"wp:attachment":[{"href":"https:\/\/unamei.uy\/index.php\/wp-json\/wp\/v2\/media?parent=317"}],"wp:term":[{"taxonomy":"product_brand","embeddable":true,"href":"https:\/\/unamei.uy\/index.php\/wp-json\/wp\/v2\/product_brand?post=317"},{"taxonomy":"product_cat","embeddable":true,"href":"https:\/\/unamei.uy\/index.php\/wp-json\/wp\/v2\/product_cat?post=317"},{"taxonomy":"product_tag","embeddable":true,"href":"https:\/\/unamei.uy\/index.php\/wp-json\/wp\/v2\/product_tag?post=317"}],"curies":[{"name":"wp","href":"https:\/\/api.w.org\/{rel}","templated":true}]}}