{"id":205,"date":"2026-03-13T20:56:31","date_gmt":"2026-03-13T20:56:31","guid":{"rendered":"https:\/\/unamei.uy\/?post_type=product&#038;p=205"},"modified":"2026-04-16T22:28:44","modified_gmt":"2026-04-16T22:28:44","slug":"musculosa-intima-eter-100-bambu-tramma-bambu","status":"publish","type":"product","link":"https:\/\/unamei.uy\/index.php\/producto\/musculosa-intima-eter-100-bambu-tramma-bambu\/","title":{"rendered":"Musculosa \u00edntima \u00c9ter 100% bamb\u00fa | TRAMMA BAMB\u00da"},"content":{"rendered":"<p>\u00c9ter es nuestra musculosa \u00edntima, dise\u00f1ada para ofrecerte el equilibrio perfecto entre sofisticaci\u00f3n y confort. Confeccionada con suave y delicado tejido de bamb\u00fa, esta musculosa se ajusta suavemente a tu figura, brind\u00e1ndote una sensaci\u00f3n de segunda piel que te har\u00e1 sentir segura y femenina en todo momento. El escote delicadamente contorneado realza tu silueta de manera sutil y elegante y una apariencia suave y discreta bajo cualquier prenda. Ya sea que busques una capa base perfecta para tu atuendo diario o un toque de lujo para una ocasi\u00f3n especial, nuestra musculosa \u00edntima te ofrece el ajuste, la comodidad y la elegancia que deseas. Talles: P, M, G, XG y XXG.<br \/>\nComposici\u00f3n: 100% bamb\u00fa\u00a0sin mezclas con sint\u00e9ticos.<br \/>\nColores de borde el\u00e1stico Disponibles: crudo, bordeaux, gris.<br \/>\nConsejos de lavado: a mano con agua fr\u00eda a Tibia.<\/p>\n","protected":false},"excerpt":{"rendered":"<p>Musculosa \u00edntima \u00c9ter 100% bamb\u00fa<\/p>\n","protected":false},"featured_media":208,"comment_status":"open","ping_status":"closed","template":"","meta":[],"product_brand":[68],"product_cat":[15,27],"product_tag":[],"class_list":{"0":"post-205","1":"product","2":"type-product","3":"status-publish","4":"has-post-thumbnail","6":"product_brand-tramma-bambu","7":"product_cat-eco-tienda","8":"product_cat-prendas","9":"has-single-img","11":"first","12":"instock","13":"sale","14":"taxable","15":"shipping-taxable","16":"purchasable","17":"product-type-variable"},"_links":{"self":[{"href":"https:\/\/unamei.uy\/index.php\/wp-json\/wp\/v2\/product\/205","targetHints":{"allow":["GET"]}}],"collection":[{"href":"https:\/\/unamei.uy\/index.php\/wp-json\/wp\/v2\/product"}],"about":[{"href":"https:\/\/unamei.uy\/index.php\/wp-json\/wp\/v2\/types\/product"}],"replies":[{"embeddable":true,"href":"https:\/\/unamei.uy\/index.php\/wp-json\/wp\/v2\/comments?post=205"}],"wp:featuredmedia":[{"embeddable":true,"href":"https:\/\/unamei.uy\/index.php\/wp-json\/wp\/v2\/media\/208"}],"wp:attachment":[{"href":"https:\/\/unamei.uy\/index.php\/wp-json\/wp\/v2\/media?parent=205"}],"wp:term":[{"taxonomy":"product_brand","embeddable":true,"href":"https:\/\/unamei.uy\/index.php\/wp-json\/wp\/v2\/product_brand?post=205"},{"taxonomy":"product_cat","embeddable":true,"href":"https:\/\/unamei.uy\/index.php\/wp-json\/wp\/v2\/product_cat?post=205"},{"taxonomy":"product_tag","embeddable":true,"href":"https:\/\/unamei.uy\/index.php\/wp-json\/wp\/v2\/product_tag?post=205"}],"curies":[{"name":"wp","href":"https:\/\/api.w.org\/{rel}","templated":true}]}}